{"id":40,"date":"2024-03-03T00:19:09","date_gmt":"2024-03-02T23:19:09","guid":{"rendered":"https:\/\/liturgika.pl\/?page_id=40"},"modified":"2024-03-03T21:05:11","modified_gmt":"2024-03-03T20:05:11","slug":"komisja","status":"publish","type":"page","link":"https:\/\/liturgika.pl\/?page_id=40","title":{"rendered":"Komisja"},"content":{"rendered":"\n<p><strong>Synodalna Komisja ds. Liturgii i Muzyki Ko\u015bcielnej:<br><\/strong>Ks. Jerzy Below, ks. bp Jan Cie\u015blar (zast\u0119pca przewodnicz\u0105cego), ks. dr Grzegorz Giemza, ks. Micha\u0142 Makula (sekretarz), ks. dr Adam Malina (przewodnicz\u0105cy), Edward Markuzel,ks. radca Janusz Staszczak, ks. W\u0142adys\u0142aw Wantulok.<br><br>Wsp\u00f3\u0142praca: ks. Dawid Baron, ks. Zbigniew Obracaj.<\/p>\n\n\n\n<p><strong>Mi\u0119dzyko\u015bcielny Zesp\u00f3\u0142 ds. Agendy Liturgicznej:<br><\/strong>Ks. Jerzy Below, ks. Marcin Brz\u00f3ska, ks. Jan Cie\u015blar (SKEAW), ks. dr Grzegorz Giemza, ks. Janusz Ko\u017cusznik (SKEAW), ks. dr Adam Malina (przewodnicz\u0105cy), ks. Tomasz Molin (LEKAW), ks. Zbigniew Obracaj, ks. dr Marek \u0158\u00ed\u010dan (SKEAW), dr hab. Jerzy Sojka, prof. ChAT.<\/p>\n","protected":false},"excerpt":{"rendered":"<p>Synodalna Komisja ds. Liturgii i Muzyki Ko\u015bcielnej:Ks. Jerzy Below, ks. bp Jan Cie\u015blar (zast\u0119pca przewodnicz\u0105cego), ks. dr Grzegorz Giemza, ks. Micha\u0142 Makula (sekretarz), ks. dr Adam Malina (przewodnicz\u0105cy), Edward Markuzel,ks. radca Janusz Staszczak, ks. W\u0142adys\u0142aw Wantulok. Wsp\u00f3\u0142praca: ks. Dawid Baron, ks. Zbigniew Obracaj. Mi\u0119dzyko\u015bcielny Zesp\u00f3\u0142 ds. Agendy Liturgicznej:Ks. Jerzy Below, ks. Marcin Brz\u00f3ska, ks. Jan [&hellip;]<\/p>\n","protected":false},"author":2,"featured_media":0,"parent":0,"menu_order":0,"comment_status":"closed","ping_status":"closed","template":"","meta":{"footnotes":""},"class_list":["post-40","page","type-page","status-publish","hentry"],"_links":{"self":[{"href":"https:\/\/liturgika.pl\/index.php?rest_route=\/wp\/v2\/pages\/40","targetHints":{"allow":["GET"]}}],"collection":[{"href":"https:\/\/liturgika.pl\/index.php?rest_route=\/wp\/v2\/pages"}],"about":[{"href":"https:\/\/liturgika.pl\/index.php?rest_route=\/wp\/v2\/types\/page"}],"author":[{"embeddable":true,"href":"https:\/\/liturgika.pl\/index.php?rest_route=\/wp\/v2\/users\/2"}],"replies":[{"embeddable":true,"href":"https:\/\/liturgika.pl\/index.php?rest_route=%2Fwp%2Fv2%2Fcomments&post=40"}],"version-history":[{"count":2,"href":"https:\/\/liturgika.pl\/index.php?rest_route=\/wp\/v2\/pages\/40\/revisions"}],"predecessor-version":[{"id":43,"href":"https:\/\/liturgika.pl\/index.php?rest_route=\/wp\/v2\/pages\/40\/revisions\/43"}],"wp:attachment":[{"href":"https:\/\/liturgika.pl\/index.php?rest_route=%2Fwp%2Fv2%2Fmedia&parent=40"}],"curies":[{"name":"wp","href":"https:\/\/api.w.org\/{rel}","templated":true}]}}