{"id":38,"date":"2024-03-03T00:18:50","date_gmt":"2024-03-02T23:18:50","guid":{"rendered":"https:\/\/liturgika.pl\/?page_id=38"},"modified":"2024-03-03T21:11:44","modified_gmt":"2024-03-03T20:11:44","slug":"porzadki","status":"publish","type":"page","link":"https:\/\/liturgika.pl\/?page_id=38","title":{"rendered":"Porz\u0105dki"},"content":{"rendered":"\n<p><a href=\"https:\/\/liturgika.pl\/wp-content\/uploads\/2024\/03\/Porzadek-nabozenstwa-rodzinnego-z-Komunia-Sw-1-1.docx\">Porz\u0105dek nabo\u017ce\u0144stwa rodzinnego z Komuni\u0105 \u015aw. 1-1 [DOCX]<\/a><\/p>\n\n\n\n<p><a href=\"https:\/\/liturgika.pl\/wp-content\/uploads\/2024\/03\/Porzadek-nabozenstwa-rodzinnego-z-Komunia-Sw-1-1.pdf\">Porz\u0105dek nabo\u017ce\u0144stwa rodzinnego z Komuni\u0105 \u015aw. 1-1 [PDF]<\/a><\/p>\n\n\n\n<p><a href=\"https:\/\/liturgika.pl\/wp-content\/uploads\/2024\/03\/Porzadek-nabozenstwa-rodzinnego-z-Komunia-Sw-2-1.docx\">Porz\u0105dek nabo\u017ce\u0144stwa rodzinnego z Komuni\u0105 \u015aw. 2-1 [DOCX]<\/a><\/p>\n\n\n\n<p><a href=\"https:\/\/liturgika.pl\/wp-content\/uploads\/2024\/03\/Porzadek-nabozenstwa-rodzinnego-z-Komunia-Sw-2-1.pdf\">Porz\u0105dek nabo\u017ce\u0144stwa rodzinnego z Komuni\u0105 \u015aw. 2-1 [PDF]<\/a><\/p>\n","protected":false},"excerpt":{"rendered":"<p>Porz\u0105dek nabo\u017ce\u0144stwa rodzinnego z Komuni\u0105 \u015aw. 1-1 [DOCX] Porz\u0105dek nabo\u017ce\u0144stwa rodzinnego z Komuni\u0105 \u015aw. 1-1 [PDF] Porz\u0105dek nabo\u017ce\u0144stwa rodzinnego z Komuni\u0105 \u015aw. 2-1 [DOCX] Porz\u0105dek nabo\u017ce\u0144stwa rodzinnego z Komuni\u0105 \u015aw. 2-1 [PDF]<\/p>\n","protected":false},"author":2,"featured_media":0,"parent":0,"menu_order":0,"comment_status":"closed","ping_status":"closed","template":"","meta":{"footnotes":""},"class_list":["post-38","page","type-page","status-publish","hentry"],"_links":{"self":[{"href":"https:\/\/liturgika.pl\/index.php?rest_route=\/wp\/v2\/pages\/38","targetHints":{"allow":["GET"]}}],"collection":[{"href":"https:\/\/liturgika.pl\/index.php?rest_route=\/wp\/v2\/pages"}],"about":[{"href":"https:\/\/liturgika.pl\/index.php?rest_route=\/wp\/v2\/types\/page"}],"author":[{"embeddable":true,"href":"https:\/\/liturgika.pl\/index.php?rest_route=\/wp\/v2\/users\/2"}],"replies":[{"embeddable":true,"href":"https:\/\/liturgika.pl\/index.php?rest_route=%2Fwp%2Fv2%2Fcomments&post=38"}],"version-history":[{"count":3,"href":"https:\/\/liturgika.pl\/index.php?rest_route=\/wp\/v2\/pages\/38\/revisions"}],"predecessor-version":[{"id":49,"href":"https:\/\/liturgika.pl\/index.php?rest_route=\/wp\/v2\/pages\/38\/revisions\/49"}],"wp:attachment":[{"href":"https:\/\/liturgika.pl\/index.php?rest_route=%2Fwp%2Fv2%2Fmedia&parent=38"}],"curies":[{"name":"wp","href":"https:\/\/api.w.org\/{rel}","templated":true}]}}