{"id":33,"date":"2024-03-03T00:18:18","date_gmt":"2024-03-02T23:18:18","guid":{"rendered":"https:\/\/liturgika.pl\/?page_id=33"},"modified":"2024-03-03T23:59:56","modified_gmt":"2024-03-03T22:59:56","slug":"swieta-stale","status":"publish","type":"page","link":"https:\/\/liturgika.pl\/?page_id=33","title":{"rendered":"\u015awi\u0119ta sta\u0142e"},"content":{"rendered":"\n<p><a href=\"https:\/\/liturgika.pl\/wp-content\/uploads\/2024\/03\/SWIETA-STALE.docx\">\u015awi\u0119ta sta\u0142e i wspomnienia Ko\u015bcio\u0142a [DOCX]<\/a><\/p>\n\n\n\n<p><a href=\"https:\/\/liturgika.pl\/wp-content\/uploads\/2024\/03\/SWIETA-STALE.pdf\">\u015awi\u0119ta sta\u0142e i wspomnienia Ko\u015bcio\u0142a [PDF]<\/a><\/p>\n","protected":false},"excerpt":{"rendered":"<p>\u015awi\u0119ta sta\u0142e i wspomnienia Ko\u015bcio\u0142a [DOCX] \u015awi\u0119ta sta\u0142e i wspomnienia Ko\u015bcio\u0142a [PDF]<\/p>\n","protected":false},"author":2,"featured_media":0,"parent":0,"menu_order":0,"comment_status":"closed","ping_status":"closed","template":"","meta":{"footnotes":""},"class_list":["post-33","page","type-page","status-publish","hentry"],"_links":{"self":[{"href":"https:\/\/liturgika.pl\/index.php?rest_route=\/wp\/v2\/pages\/33","targetHints":{"allow":["GET"]}}],"collection":[{"href":"https:\/\/liturgika.pl\/index.php?rest_route=\/wp\/v2\/pages"}],"about":[{"href":"https:\/\/liturgika.pl\/index.php?rest_route=\/wp\/v2\/types\/page"}],"author":[{"embeddable":true,"href":"https:\/\/liturgika.pl\/index.php?rest_route=\/wp\/v2\/users\/2"}],"replies":[{"embeddable":true,"href":"https:\/\/liturgika.pl\/index.php?rest_route=%2Fwp%2Fv2%2Fcomments&post=33"}],"version-history":[{"count":3,"href":"https:\/\/liturgika.pl\/index.php?rest_route=\/wp\/v2\/pages\/33\/revisions"}],"predecessor-version":[{"id":108,"href":"https:\/\/liturgika.pl\/index.php?rest_route=\/wp\/v2\/pages\/33\/revisions\/108"}],"wp:attachment":[{"href":"https:\/\/liturgika.pl\/index.php?rest_route=%2Fwp%2Fv2%2Fmedia&parent=33"}],"curies":[{"name":"wp","href":"https:\/\/api.w.org\/{rel}","templated":true}]}}