{"id":20,"date":"2024-03-02T23:44:12","date_gmt":"2024-03-02T22:44:12","guid":{"rendered":"https:\/\/liturgika.pl\/?page_id=20"},"modified":"2024-03-02T23:44:12","modified_gmt":"2024-03-02T22:44:12","slug":"nowe-perykopy-liturgiczne-i-kazalne","status":"publish","type":"page","link":"https:\/\/liturgika.pl\/?page_id=20","title":{"rendered":"Nowe perykopy liturgiczne i kazalne"},"content":{"rendered":"\n<p>Zapraszamy do pobrania zestawu nowych perykop liturgicznych i kazalnych, przyj\u0119tych przez Synod Ko\u015bcio\u0142a Ewangelicko-Augsburskiego w RP w dniu 13 pa\u017adziernika 2018 r.<\/p>\n\n\n\n<p>Pobierz:<br><a href=\"https:\/\/liturgika.pl\/wp-content\/uploads\/2024\/03\/Nowe-perykopy-liturgiczne-2018.pdf\">Nowe perykopy \u2013 wersja pe\u0142na<\/a><\/p>\n\n\n\n<p><a href=\"https:\/\/liturgika.pl\/wp-content\/uploads\/2024\/03\/Niedziele-i-swieta-roku-koscielnego-tabela2018.pdf\" data-type=\"link\" data-id=\"https:\/\/liturgika.pl\/wp-content\/uploads\/2024\/03\/Niedziele-i-swieta-roku-koscielnego-tabela2018.pdf\">Nowe perykopy \u2013 wersja skr\u00f3cona<\/a><\/p>\n\n\n\n<p>Zach\u0119camy r\u00f3wnie\u017c do zapoznania si\u0119 z propozycjami kaza\u0144, przygotowanych przez r\u00f3\u017cne o\u015brodki homiletyczne, realizuj\u0105ce nowy porz\u0105dek perykop liturgicznych i kazalnych. Takie propozycje znajdziemy mi\u0119dzy innymi na stronie&nbsp;<strong><a href=\"http:\/\/www.theologie.uzh.ch\/predigten\/\">G\u00f6ttinger Predigten,<\/a><\/strong>&nbsp;a dodatkowe materia\u0142y na podstronie Links z bardzo bogatym zestawem link\u00f3w do materia\u0142\u00f3w homiletycznych.<\/p>\n","protected":false},"excerpt":{"rendered":"<p>Zapraszamy do pobrania zestawu nowych perykop liturgicznych i kazalnych, przyj\u0119tych przez Synod Ko\u015bcio\u0142a Ewangelicko-Augsburskiego w RP w dniu 13 pa\u017adziernika 2018 r. Pobierz:Nowe perykopy \u2013 wersja pe\u0142na Nowe perykopy \u2013 wersja skr\u00f3cona Zach\u0119camy r\u00f3wnie\u017c do zapoznania si\u0119 z propozycjami kaza\u0144, przygotowanych przez r\u00f3\u017cne o\u015brodki homiletyczne, realizuj\u0105ce nowy porz\u0105dek perykop liturgicznych i kazalnych. Takie propozycje znajdziemy [&hellip;]<\/p>\n","protected":false},"author":2,"featured_media":0,"parent":0,"menu_order":0,"comment_status":"closed","ping_status":"closed","template":"","meta":{"footnotes":""},"class_list":["post-20","page","type-page","status-publish","hentry"],"_links":{"self":[{"href":"https:\/\/liturgika.pl\/index.php?rest_route=\/wp\/v2\/pages\/20","targetHints":{"allow":["GET"]}}],"collection":[{"href":"https:\/\/liturgika.pl\/index.php?rest_route=\/wp\/v2\/pages"}],"about":[{"href":"https:\/\/liturgika.pl\/index.php?rest_route=\/wp\/v2\/types\/page"}],"author":[{"embeddable":true,"href":"https:\/\/liturgika.pl\/index.php?rest_route=\/wp\/v2\/users\/2"}],"replies":[{"embeddable":true,"href":"https:\/\/liturgika.pl\/index.php?rest_route=%2Fwp%2Fv2%2Fcomments&post=20"}],"version-history":[{"count":1,"href":"https:\/\/liturgika.pl\/index.php?rest_route=\/wp\/v2\/pages\/20\/revisions"}],"predecessor-version":[{"id":23,"href":"https:\/\/liturgika.pl\/index.php?rest_route=\/wp\/v2\/pages\/20\/revisions\/23"}],"wp:attachment":[{"href":"https:\/\/liturgika.pl\/index.php?rest_route=%2Fwp%2Fv2%2Fmedia&parent=20"}],"curies":[{"name":"wp","href":"https:\/\/api.w.org\/{rel}","templated":true}]}}