{"id":148,"date":"2024-03-04T00:26:26","date_gmt":"2024-03-03T23:26:26","guid":{"rendered":"https:\/\/liturgika.pl\/?page_id=148"},"modified":"2024-03-04T00:26:51","modified_gmt":"2024-03-03T23:26:51","slug":"proprium-po-trojcy-swietej","status":"publish","type":"page","link":"https:\/\/liturgika.pl\/?page_id=148","title":{"rendered":"Proprium &#8211; Po Tr\u00f3jcy \u015awi\u0119tej"},"content":{"rendered":"\n<p><a href=\"https:\/\/liturgika.pl\/wp-content\/uploads\/2024\/03\/PostTrinitatis.docx\">Proprium od Trinitatis \u2013 [DOCX]<br><\/a><a href=\"https:\/\/liturgika.pl\/wp-content\/uploads\/2024\/03\/PostTrinitatis.pdf\">Proprium od Trinitatis \u2013 [PDF]<\/a><\/p>\n","protected":false},"excerpt":{"rendered":"<p>Proprium od Trinitatis \u2013 [DOCX]Proprium od Trinitatis \u2013 [PDF]<\/p>\n","protected":false},"author":2,"featured_media":0,"parent":29,"menu_order":7,"comment_status":"closed","ping_status":"closed","template":"","meta":{"footnotes":""},"class_list":["post-148","page","type-page","status-publish","hentry"],"_links":{"self":[{"href":"https:\/\/liturgika.pl\/index.php?rest_route=\/wp\/v2\/pages\/148","targetHints":{"allow":["GET"]}}],"collection":[{"href":"https:\/\/liturgika.pl\/index.php?rest_route=\/wp\/v2\/pages"}],"about":[{"href":"https:\/\/liturgika.pl\/index.php?rest_route=\/wp\/v2\/types\/page"}],"author":[{"embeddable":true,"href":"https:\/\/liturgika.pl\/index.php?rest_route=\/wp\/v2\/users\/2"}],"replies":[{"embeddable":true,"href":"https:\/\/liturgika.pl\/index.php?rest_route=%2Fwp%2Fv2%2Fcomments&post=148"}],"version-history":[{"count":1,"href":"https:\/\/liturgika.pl\/index.php?rest_route=\/wp\/v2\/pages\/148\/revisions"}],"predecessor-version":[{"id":151,"href":"https:\/\/liturgika.pl\/index.php?rest_route=\/wp\/v2\/pages\/148\/revisions\/151"}],"up":[{"embeddable":true,"href":"https:\/\/liturgika.pl\/index.php?rest_route=\/wp\/v2\/pages\/29"}],"wp:attachment":[{"href":"https:\/\/liturgika.pl\/index.php?rest_route=%2Fwp%2Fv2%2Fmedia&parent=148"}],"curies":[{"name":"wp","href":"https:\/\/api.w.org\/{rel}","templated":true}]}}