{"id":143,"date":"2024-03-04T00:24:48","date_gmt":"2024-03-03T23:24:48","guid":{"rendered":"https:\/\/liturgika.pl\/?page_id=143"},"modified":"2024-03-04T00:24:48","modified_gmt":"2024-03-03T23:24:48","slug":"proprium-zeslanie-ducha-swietego-i-trinitatis","status":"publish","type":"page","link":"https:\/\/liturgika.pl\/?page_id=143","title":{"rendered":"Proprium &#8211; Zes\u0142anie Ducha \u015awi\u0119tego i Trinitatis"},"content":{"rendered":"\n<p><a href=\"https:\/\/liturgika.pl\/wp-content\/uploads\/2024\/03\/ZDSiTri.docx\">Proprium od Zes\u0142ania Ducha \u015awi\u0119tego do Trinitatis \u2013 [DOCX]<br><\/a><a href=\"https:\/\/liturgika.pl\/wp-content\/uploads\/2024\/03\/ZDSiTri.pdf\">Proprium od Zes\u0142ania Ducha \u015awi\u0119tego do Trinitatis \u2013 [PDF]<\/a><\/p>\n","protected":false},"excerpt":{"rendered":"<p>Proprium od Zes\u0142ania Ducha \u015awi\u0119tego do Trinitatis \u2013 [DOCX]Proprium od Zes\u0142ania Ducha \u015awi\u0119tego do Trinitatis \u2013 [PDF]<\/p>\n","protected":false},"author":2,"featured_media":0,"parent":29,"menu_order":6,"comment_status":"closed","ping_status":"closed","template":"","meta":{"footnotes":""},"class_list":["post-143","page","type-page","status-publish","hentry"],"_links":{"self":[{"href":"https:\/\/liturgika.pl\/index.php?rest_route=\/wp\/v2\/pages\/143","targetHints":{"allow":["GET"]}}],"collection":[{"href":"https:\/\/liturgika.pl\/index.php?rest_route=\/wp\/v2\/pages"}],"about":[{"href":"https:\/\/liturgika.pl\/index.php?rest_route=\/wp\/v2\/types\/page"}],"author":[{"embeddable":true,"href":"https:\/\/liturgika.pl\/index.php?rest_route=\/wp\/v2\/users\/2"}],"replies":[{"embeddable":true,"href":"https:\/\/liturgika.pl\/index.php?rest_route=%2Fwp%2Fv2%2Fcomments&post=143"}],"version-history":[{"count":1,"href":"https:\/\/liturgika.pl\/index.php?rest_route=\/wp\/v2\/pages\/143\/revisions"}],"predecessor-version":[{"id":146,"href":"https:\/\/liturgika.pl\/index.php?rest_route=\/wp\/v2\/pages\/143\/revisions\/146"}],"up":[{"embeddable":true,"href":"https:\/\/liturgika.pl\/index.php?rest_route=\/wp\/v2\/pages\/29"}],"wp:attachment":[{"href":"https:\/\/liturgika.pl\/index.php?rest_route=%2Fwp%2Fv2%2Fmedia&parent=143"}],"curies":[{"name":"wp","href":"https:\/\/api.w.org\/{rel}","templated":true}]}}